{"id":923,"date":"2021-11-25T12:52:08","date_gmt":"2021-11-25T12:52:08","guid":{"rendered":"http:\/\/calypsoazores.com\/activity\/trilhos-pedestres\/"},"modified":"2021-12-03T13:53:27","modified_gmt":"2021-12-03T13:53:27","slug":"trilhos-pedestres","status":"publish","type":"product","link":"https:\/\/calypsoazores.com\/en\/activity\/trilhos-pedestres\/","title":{"rendered":"Hiking trails (Volta \u00e0 Caldeira &#8211; Furna do Enxofre)"},"content":{"rendered":"","protected":false},"excerpt":{"rendered":"<p>Hike some of the most beautiful landscapes. Graciosa island has three main certified trails. &hellip; <a href=\"https:\/\/calypsoazores.com\/en\/activity\/trilhos-pedestres\/\">Read More<\/a><\/p>\n","protected":false},"featured_media":1197,"template":"","meta":[],"product_cat":[62,65],"product_tag":[],"yoast_head":"<!-- This site is optimized with the Yoast SEO plugin v17.1 - https:\/\/yoast.com\/wordpress\/plugins\/seo\/ -->\n<title>Hiking trails (Volta \u00e0 Caldeira - Furna do Enxofre) - Calypso Azores - Atividades Tur\u00edsticas nos A\u00e7ores<\/title>\n<meta name=\"robots\" content=\"index, follow, max-snippet:-1, max-image-preview:large, max-video-preview:-1\" \/>\n<link rel=\"canonical\" href=\"https:\/\/calypsoazores.com\/en\/activity\/trilhos-pedestres\/\" \/>\n<meta property=\"og:locale\" content=\"en_US\" \/>\n<meta property=\"og:type\" content=\"article\" \/>\n<meta property=\"og:title\" content=\"Hiking trails (Volta \u00e0 Caldeira - Furna do Enxofre) - Calypso Azores - Atividades Tur\u00edsticas nos A\u00e7ores\" \/>\n<meta property=\"og:description\" content=\"Hike some of the most beautiful landscapes. Graciosa island has three main certified trails. &hellip; Read More\" \/>\n<meta property=\"og:url\" content=\"https:\/\/calypsoazores.com\/en\/activity\/trilhos-pedestres\/\" \/>\n<meta property=\"og:site_name\" content=\"Calypso Azores - Atividades Tur\u00edsticas nos A\u00e7ores\" \/>\n<meta property=\"article:modified_time\" content=\"2021-12-03T13:53:27+00:00\" \/>\n<meta property=\"og:image\" content=\"http:\/\/calypsoazores.com\/wp-content\/uploads\/2021\/11\/calypso-33-scaled.jpg\" \/>\n\t<meta property=\"og:image:width\" content=\"2560\" \/>\n\t<meta property=\"og:image:height\" content=\"1707\" \/>\n<meta name=\"twitter:card\" content=\"summary_large_image\" \/>\n<script type=\"application\/ld+json\" class=\"yoast-schema-graph\">{\"@context\":\"https:\/\/schema.org\",\"@graph\":[{\"@type\":\"WebSite\",\"@id\":\"https:\/\/calypsoazores.com\/#website\",\"url\":\"https:\/\/calypsoazores.com\/\",\"name\":\"Calypso Azores - Atividades Tur\\u00edsticas nos A\\u00e7ores\",\"description\":\"\",\"potentialAction\":[{\"@type\":\"SearchAction\",\"target\":{\"@type\":\"EntryPoint\",\"urlTemplate\":\"https:\/\/calypsoazores.com\/?s={search_term_string}\"},\"query-input\":\"required name=search_term_string\"}],\"inLanguage\":\"en-US\"},{\"@type\":\"ImageObject\",\"@id\":\"https:\/\/calypsoazores.com\/en\/activity\/trilhos-pedestres\/#primaryimage\",\"inLanguage\":\"en-US\",\"url\":\"https:\/\/calypsoazores.com\/wp-content\/uploads\/2021\/12\/calypso-34-scaled.jpg\",\"contentUrl\":\"https:\/\/calypsoazores.com\/wp-content\/uploads\/2021\/12\/calypso-34-scaled.jpg\",\"width\":2560,\"height\":1707},{\"@type\":\"WebPage\",\"@id\":\"https:\/\/calypsoazores.com\/en\/activity\/trilhos-pedestres\/#webpage\",\"url\":\"https:\/\/calypsoazores.com\/en\/activity\/trilhos-pedestres\/\",\"name\":\"Hiking trails (Volta \\u00e0 Caldeira - Furna do Enxofre) - Calypso Azores - Atividades Tur\\u00edsticas nos A\\u00e7ores\",\"isPartOf\":{\"@id\":\"https:\/\/calypsoazores.com\/#website\"},\"primaryImageOfPage\":{\"@id\":\"https:\/\/calypsoazores.com\/en\/activity\/trilhos-pedestres\/#primaryimage\"},\"datePublished\":\"2021-11-25T12:52:08+00:00\",\"dateModified\":\"2021-12-03T13:53:27+00:00\",\"breadcrumb\":{\"@id\":\"https:\/\/calypsoazores.com\/en\/activity\/trilhos-pedestres\/#breadcrumb\"},\"inLanguage\":\"en-US\",\"potentialAction\":[{\"@type\":\"ReadAction\",\"target\":[\"https:\/\/calypsoazores.com\/en\/activity\/trilhos-pedestres\/\"]}]},{\"@type\":\"BreadcrumbList\",\"@id\":\"https:\/\/calypsoazores.com\/en\/activity\/trilhos-pedestres\/#breadcrumb\",\"itemListElement\":[{\"@type\":\"ListItem\",\"position\":1,\"name\":\"Home\",\"item\":\"https:\/\/calypsoazores.com\/en\/\"},{\"@type\":\"ListItem\",\"position\":2,\"name\":\"Activities\",\"item\":\"https:\/\/calypsoazores.com\/en\/activities\/\"},{\"@type\":\"ListItem\",\"position\":3,\"name\":\"Hiking trails (Volta \\u00e0 Caldeira &#8211; Furna do Enxofre)\"}]}]}<\/script>\n<!-- \/ Yoast SEO plugin. -->","yoast_head_json":{"title":"Hiking trails (Volta \u00e0 Caldeira - Furna do Enxofre) - Calypso Azores - Atividades Tur\u00edsticas nos A\u00e7ores","robots":{"index":"index","follow":"follow","max-snippet":"max-snippet:-1","max-image-preview":"max-image-preview:large","max-video-preview":"max-video-preview:-1"},"canonical":"https:\/\/calypsoazores.com\/en\/activity\/trilhos-pedestres\/","og_locale":"en_US","og_type":"article","og_title":"Hiking trails (Volta \u00e0 Caldeira - Furna do Enxofre) - Calypso Azores - Atividades Tur\u00edsticas nos A\u00e7ores","og_description":"Hike some of the most beautiful landscapes. Graciosa island has three main certified trails. &hellip; Read More","og_url":"https:\/\/calypsoazores.com\/en\/activity\/trilhos-pedestres\/","og_site_name":"Calypso Azores - Atividades Tur\u00edsticas nos A\u00e7ores","article_modified_time":"2021-12-03T13:53:27+00:00","og_image":[{"width":2560,"height":1707,"url":"http:\/\/calypsoazores.com\/wp-content\/uploads\/2021\/11\/calypso-33-scaled.jpg","path":"\/media\/servidordev\/Dados2\/calypso\/wp-content\/uploads\/2021\/11\/calypso-33-scaled.jpg","size":"full","id":899,"alt":"","pixels":4369920,"type":"image\/jpeg"}],"twitter_card":"summary_large_image","schema":{"@context":"https:\/\/schema.org","@graph":[{"@type":"WebSite","@id":"https:\/\/calypsoazores.com\/#website","url":"https:\/\/calypsoazores.com\/","name":"Calypso Azores - Atividades Tur\u00edsticas nos A\u00e7ores","description":"","potentialAction":[{"@type":"SearchAction","target":{"@type":"EntryPoint","urlTemplate":"https:\/\/calypsoazores.com\/?s={search_term_string}"},"query-input":"required name=search_term_string"}],"inLanguage":"en-US"},{"@type":"ImageObject","@id":"https:\/\/calypsoazores.com\/en\/activity\/trilhos-pedestres\/#primaryimage","inLanguage":"en-US","url":"https:\/\/calypsoazores.com\/wp-content\/uploads\/2021\/12\/calypso-34-scaled.jpg","contentUrl":"https:\/\/calypsoazores.com\/wp-content\/uploads\/2021\/12\/calypso-34-scaled.jpg","width":2560,"height":1707},{"@type":"WebPage","@id":"https:\/\/calypsoazores.com\/en\/activity\/trilhos-pedestres\/#webpage","url":"https:\/\/calypsoazores.com\/en\/activity\/trilhos-pedestres\/","name":"Hiking trails (Volta \u00e0 Caldeira - Furna do Enxofre) - Calypso Azores - Atividades Tur\u00edsticas nos A\u00e7ores","isPartOf":{"@id":"https:\/\/calypsoazores.com\/#website"},"primaryImageOfPage":{"@id":"https:\/\/calypsoazores.com\/en\/activity\/trilhos-pedestres\/#primaryimage"},"datePublished":"2021-11-25T12:52:08+00:00","dateModified":"2021-12-03T13:53:27+00:00","breadcrumb":{"@id":"https:\/\/calypsoazores.com\/en\/activity\/trilhos-pedestres\/#breadcrumb"},"inLanguage":"en-US","potentialAction":[{"@type":"ReadAction","target":["https:\/\/calypsoazores.com\/en\/activity\/trilhos-pedestres\/"]}]},{"@type":"BreadcrumbList","@id":"https:\/\/calypsoazores.com\/en\/activity\/trilhos-pedestres\/#breadcrumb","itemListElement":[{"@type":"ListItem","position":1,"name":"Home","item":"https:\/\/calypsoazores.com\/en\/"},{"@type":"ListItem","position":2,"name":"Activities","item":"https:\/\/calypsoazores.com\/en\/activities\/"},{"@type":"ListItem","position":3,"name":"Hiking trails (Volta \u00e0 Caldeira &#8211; Furna do Enxofre)"}]}]}},"_links":{"self":[{"href":"https:\/\/calypsoazores.com\/en\/wp-json\/wp\/v2\/product\/923"}],"collection":[{"href":"https:\/\/calypsoazores.com\/en\/wp-json\/wp\/v2\/product"}],"about":[{"href":"https:\/\/calypsoazores.com\/en\/wp-json\/wp\/v2\/types\/product"}],"version-history":[{"count":3,"href":"https:\/\/calypsoazores.com\/en\/wp-json\/wp\/v2\/product\/923\/revisions"}],"predecessor-version":[{"id":1203,"href":"https:\/\/calypsoazores.com\/en\/wp-json\/wp\/v2\/product\/923\/revisions\/1203"}],"wp:featuredmedia":[{"embeddable":true,"href":"https:\/\/calypsoazores.com\/en\/wp-json\/wp\/v2\/media\/1197"}],"wp:attachment":[{"href":"https:\/\/calypsoazores.com\/en\/wp-json\/wp\/v2\/media?parent=923"}],"wp:term":[{"taxonomy":"product_cat","embeddable":true,"href":"https:\/\/calypsoazores.com\/en\/wp-json\/wp\/v2\/product_cat?post=923"},{"taxonomy":"product_tag","embeddable":true,"href":"https:\/\/calypsoazores.com\/en\/wp-json\/wp\/v2\/product_tag?post=923"}],"curies":[{"name":"wp","href":"https:\/\/api.w.org\/{rel}","templated":true}]}}