{"id":675,"date":"2021-10-18T10:15:10","date_gmt":"2021-10-18T10:15:10","guid":{"rendered":"http:\/\/calypsoazores.com\/activity\/passeio-a-ilha-de-sao-jorge-faja-do-ouvidor\/"},"modified":"2021-11-11T12:11:06","modified_gmt":"2021-11-11T12:11:06","slug":"tour-to-sao-jorge-island-faja-do-ouvidor","status":"publish","type":"product","link":"https:\/\/calypsoazores.com\/en\/activity\/tour-to-sao-jorge-island-faja-do-ouvidor\/","title":{"rendered":"Tour to S\u00e3o Jorge island (Faj\u00e3 do Ouvidor)"},"content":{"rendered":"","protected":false},"excerpt":{"rendered":"<p class=\"Normal_Web_ tm6\">This tour is the one with the shortest distance between Graciosa island and the other islands of the central group.<\/p>\n<p> &hellip; <a href=\"https:\/\/calypsoazores.com\/en\/activity\/tour-to-sao-jorge-island-faja-do-ouvidor\/\">Read More<\/a><\/p>\n","protected":false},"featured_media":831,"template":"","meta":[],"product_cat":[66,60],"product_tag":[],"yoast_head":"<!-- This site is optimized with the Yoast SEO plugin v17.1 - https:\/\/yoast.com\/wordpress\/plugins\/seo\/ -->\n<title>Tour to S\u00e3o Jorge island (Faj\u00e3 do Ouvidor) - Calypso Azores - Atividades Tur\u00edsticas nos A\u00e7ores<\/title>\n<meta name=\"robots\" content=\"index, follow, max-snippet:-1, max-image-preview:large, max-video-preview:-1\" \/>\n<link rel=\"canonical\" href=\"https:\/\/calypsoazores.com\/en\/activity\/tour-to-sao-jorge-island-faja-do-ouvidor\/\" \/>\n<meta property=\"og:locale\" content=\"en_US\" \/>\n<meta property=\"og:type\" content=\"article\" \/>\n<meta property=\"og:title\" content=\"Tour to S\u00e3o Jorge island (Faj\u00e3 do Ouvidor) - Calypso Azores - Atividades Tur\u00edsticas nos A\u00e7ores\" \/>\n<meta property=\"og:description\" content=\"This tour is the one with the shortest distance between Graciosa island and the other islands of the central group. &hellip; Read More\" \/>\n<meta property=\"og:url\" content=\"https:\/\/calypsoazores.com\/en\/activity\/tour-to-sao-jorge-island-faja-do-ouvidor\/\" \/>\n<meta property=\"og:site_name\" content=\"Calypso Azores - Atividades Tur\u00edsticas nos A\u00e7ores\" \/>\n<meta property=\"article:modified_time\" content=\"2021-11-11T12:11:06+00:00\" \/>\n<meta property=\"og:image\" content=\"http:\/\/calypsoazores.com\/wp-content\/uploads\/2017\/08\/08.jpeg\" \/>\n\t<meta property=\"og:image:width\" content=\"600\" \/>\n\t<meta property=\"og:image:height\" content=\"400\" \/>\n<meta name=\"twitter:card\" content=\"summary_large_image\" \/>\n<script type=\"application\/ld+json\" class=\"yoast-schema-graph\">{\"@context\":\"https:\/\/schema.org\",\"@graph\":[{\"@type\":\"WebSite\",\"@id\":\"https:\/\/calypsoazores.com\/#website\",\"url\":\"https:\/\/calypsoazores.com\/\",\"name\":\"Calypso Azores - Atividades Tur\\u00edsticas nos A\\u00e7ores\",\"description\":\"\",\"potentialAction\":[{\"@type\":\"SearchAction\",\"target\":{\"@type\":\"EntryPoint\",\"urlTemplate\":\"https:\/\/calypsoazores.com\/?s={search_term_string}\"},\"query-input\":\"required name=search_term_string\"}],\"inLanguage\":\"en-US\"},{\"@type\":\"ImageObject\",\"@id\":\"https:\/\/calypsoazores.com\/en\/activity\/tour-to-sao-jorge-island-faja-do-ouvidor\/#primaryimage\",\"inLanguage\":\"en-US\",\"url\":\"https:\/\/calypsoazores.com\/wp-content\/uploads\/2021\/10\/calypso-19-scaled.jpg\",\"contentUrl\":\"https:\/\/calypsoazores.com\/wp-content\/uploads\/2021\/10\/calypso-19-scaled.jpg\",\"width\":2560,\"height\":1707},{\"@type\":\"WebPage\",\"@id\":\"https:\/\/calypsoazores.com\/en\/activity\/tour-to-sao-jorge-island-faja-do-ouvidor\/#webpage\",\"url\":\"https:\/\/calypsoazores.com\/en\/activity\/tour-to-sao-jorge-island-faja-do-ouvidor\/\",\"name\":\"Tour to S\\u00e3o Jorge island (Faj\\u00e3 do Ouvidor) - Calypso Azores - Atividades Tur\\u00edsticas nos A\\u00e7ores\",\"isPartOf\":{\"@id\":\"https:\/\/calypsoazores.com\/#website\"},\"primaryImageOfPage\":{\"@id\":\"https:\/\/calypsoazores.com\/en\/activity\/tour-to-sao-jorge-island-faja-do-ouvidor\/#primaryimage\"},\"datePublished\":\"2021-10-18T10:15:10+00:00\",\"dateModified\":\"2021-11-11T12:11:06+00:00\",\"breadcrumb\":{\"@id\":\"https:\/\/calypsoazores.com\/en\/activity\/tour-to-sao-jorge-island-faja-do-ouvidor\/#breadcrumb\"},\"inLanguage\":\"en-US\",\"potentialAction\":[{\"@type\":\"ReadAction\",\"target\":[\"https:\/\/calypsoazores.com\/en\/activity\/tour-to-sao-jorge-island-faja-do-ouvidor\/\"]}]},{\"@type\":\"BreadcrumbList\",\"@id\":\"https:\/\/calypsoazores.com\/en\/activity\/tour-to-sao-jorge-island-faja-do-ouvidor\/#breadcrumb\",\"itemListElement\":[{\"@type\":\"ListItem\",\"position\":1,\"name\":\"Home\",\"item\":\"https:\/\/calypsoazores.com\/en\/\"},{\"@type\":\"ListItem\",\"position\":2,\"name\":\"Activities\",\"item\":\"https:\/\/calypsoazores.com\/en\/activities\/\"},{\"@type\":\"ListItem\",\"position\":3,\"name\":\"Tour to S\\u00e3o Jorge island (Faj\\u00e3 do Ouvidor)\"}]}]}<\/script>\n<!-- \/ Yoast SEO plugin. -->","yoast_head_json":{"title":"Tour to S\u00e3o Jorge island (Faj\u00e3 do Ouvidor) - Calypso Azores - Atividades Tur\u00edsticas nos A\u00e7ores","robots":{"index":"index","follow":"follow","max-snippet":"max-snippet:-1","max-image-preview":"max-image-preview:large","max-video-preview":"max-video-preview:-1"},"canonical":"https:\/\/calypsoazores.com\/en\/activity\/tour-to-sao-jorge-island-faja-do-ouvidor\/","og_locale":"en_US","og_type":"article","og_title":"Tour to S\u00e3o Jorge island (Faj\u00e3 do Ouvidor) - Calypso Azores - Atividades Tur\u00edsticas nos A\u00e7ores","og_description":"This tour is the one with the shortest distance between Graciosa island and the other islands of the central group. &hellip; Read More","og_url":"https:\/\/calypsoazores.com\/en\/activity\/tour-to-sao-jorge-island-faja-do-ouvidor\/","og_site_name":"Calypso Azores - Atividades Tur\u00edsticas nos A\u00e7ores","article_modified_time":"2021-11-11T12:11:06+00:00","og_image":[{"width":600,"height":400,"url":"http:\/\/calypsoazores.com\/wp-content\/uploads\/2017\/08\/08.jpeg","path":"\/media\/servidordev\/Dados2\/calypso\/wp-content\/uploads\/2017\/08\/08.jpeg","size":"full","id":13,"alt":"","pixels":240000,"type":"image\/jpeg"}],"twitter_card":"summary_large_image","schema":{"@context":"https:\/\/schema.org","@graph":[{"@type":"WebSite","@id":"https:\/\/calypsoazores.com\/#website","url":"https:\/\/calypsoazores.com\/","name":"Calypso Azores - Atividades Tur\u00edsticas nos A\u00e7ores","description":"","potentialAction":[{"@type":"SearchAction","target":{"@type":"EntryPoint","urlTemplate":"https:\/\/calypsoazores.com\/?s={search_term_string}"},"query-input":"required name=search_term_string"}],"inLanguage":"en-US"},{"@type":"ImageObject","@id":"https:\/\/calypsoazores.com\/en\/activity\/tour-to-sao-jorge-island-faja-do-ouvidor\/#primaryimage","inLanguage":"en-US","url":"https:\/\/calypsoazores.com\/wp-content\/uploads\/2021\/10\/calypso-19-scaled.jpg","contentUrl":"https:\/\/calypsoazores.com\/wp-content\/uploads\/2021\/10\/calypso-19-scaled.jpg","width":2560,"height":1707},{"@type":"WebPage","@id":"https:\/\/calypsoazores.com\/en\/activity\/tour-to-sao-jorge-island-faja-do-ouvidor\/#webpage","url":"https:\/\/calypsoazores.com\/en\/activity\/tour-to-sao-jorge-island-faja-do-ouvidor\/","name":"Tour to S\u00e3o Jorge island (Faj\u00e3 do Ouvidor) - Calypso Azores - Atividades Tur\u00edsticas nos A\u00e7ores","isPartOf":{"@id":"https:\/\/calypsoazores.com\/#website"},"primaryImageOfPage":{"@id":"https:\/\/calypsoazores.com\/en\/activity\/tour-to-sao-jorge-island-faja-do-ouvidor\/#primaryimage"},"datePublished":"2021-10-18T10:15:10+00:00","dateModified":"2021-11-11T12:11:06+00:00","breadcrumb":{"@id":"https:\/\/calypsoazores.com\/en\/activity\/tour-to-sao-jorge-island-faja-do-ouvidor\/#breadcrumb"},"inLanguage":"en-US","potentialAction":[{"@type":"ReadAction","target":["https:\/\/calypsoazores.com\/en\/activity\/tour-to-sao-jorge-island-faja-do-ouvidor\/"]}]},{"@type":"BreadcrumbList","@id":"https:\/\/calypsoazores.com\/en\/activity\/tour-to-sao-jorge-island-faja-do-ouvidor\/#breadcrumb","itemListElement":[{"@type":"ListItem","position":1,"name":"Home","item":"https:\/\/calypsoazores.com\/en\/"},{"@type":"ListItem","position":2,"name":"Activities","item":"https:\/\/calypsoazores.com\/en\/activities\/"},{"@type":"ListItem","position":3,"name":"Tour to S\u00e3o Jorge island (Faj\u00e3 do Ouvidor)"}]}]}},"_links":{"self":[{"href":"https:\/\/calypsoazores.com\/en\/wp-json\/wp\/v2\/product\/675"}],"collection":[{"href":"https:\/\/calypsoazores.com\/en\/wp-json\/wp\/v2\/product"}],"about":[{"href":"https:\/\/calypsoazores.com\/en\/wp-json\/wp\/v2\/types\/product"}],"version-history":[{"count":2,"href":"https:\/\/calypsoazores.com\/en\/wp-json\/wp\/v2\/product\/675\/revisions"}],"predecessor-version":[{"id":694,"href":"https:\/\/calypsoazores.com\/en\/wp-json\/wp\/v2\/product\/675\/revisions\/694"}],"wp:featuredmedia":[{"embeddable":true,"href":"https:\/\/calypsoazores.com\/en\/wp-json\/wp\/v2\/media\/831"}],"wp:attachment":[{"href":"https:\/\/calypsoazores.com\/en\/wp-json\/wp\/v2\/media?parent=675"}],"wp:term":[{"taxonomy":"product_cat","embeddable":true,"href":"https:\/\/calypsoazores.com\/en\/wp-json\/wp\/v2\/product_cat?post=675"},{"taxonomy":"product_tag","embeddable":true,"href":"https:\/\/calypsoazores.com\/en\/wp-json\/wp\/v2\/product_tag?post=675"}],"curies":[{"name":"wp","href":"https:\/\/api.w.org\/{rel}","templated":true}]}}